{"id":21,"date":"2014-04-02T15:34:41","date_gmt":"2014-04-02T15:34:41","guid":{"rendered":"http:\/\/elcajondesastre.com\/buhozen\/?page_id=21"},"modified":"2025-05-28T12:34:55","modified_gmt":"2025-05-28T12:34:55","slug":"multimedia","status":"publish","type":"page","link":"http:\/\/www.buhozen.org\/?page_id=21","title":{"rendered":"MULTIMEDIA"},"content":{"rendered":"<p><a target=\"_blank\"href=\"http:\/\/www.ondaarcoiris.com\/uploads\/podcast\/ARCH535e891feaa3e.mp3\"><img loading=\"lazy\" decoding=\"async\" src=\"http:\/\/www.buhozen.org\/wp-content\/uploads\/2014\/06\/img.png\" alt=\"img\" width=\"300\" height=\"235\" class=\"alignnone size-full wp-image-135\" \/><\/p>\n<p>Entrevista a Chema Muela en Onda Arco Iris<\/p>\n<p><\/a><\/p>\n<p><a target=\"_blank\" href=\"https:\/\/www.youtube.com\/watch?v=7dD9gJ64fNk\"> <img loading=\"lazy\" decoding=\"async\" src=\"http:\/\/www.buhozen.org\/wp-content\/uploads\/2014\/04\/cesped-215x140.jpg\" alt=\"cesped-215x140\" width=\"215\" height=\"140\" class=\"alignnone size-full wp-image-35\" \/> <\/p>\n<p>Entrevista a Chema Muela en YouTube <\/p>\n<p><\/a><\/p>\n\n\n<figure class=\"wp-block-embed is-type-video is-provider-youtube wp-block-embed-youtube wp-embed-aspect-16-9 wp-has-aspect-ratio\"><div class=\"wp-block-embed__wrapper\">\n<iframe loading=\"lazy\" title=\"DIA 1 - Concentraci\u00f3n (Curso de meditaci\u00f3n vip\u00e1ssana de 10 d\u00edas)\" width=\"640\" height=\"360\" src=\"https:\/\/www.youtube.com\/embed\/pwPuMT4voGc?feature=oembed\" frameborder=\"0\" allow=\"accelerometer; autoplay; clipboard-write; encrypted-media; gyroscope; picture-in-picture; web-share\" referrerpolicy=\"strict-origin-when-cross-origin\" allowfullscreen><\/iframe>\n<\/div><\/figure>\n\n\n\n<figure class=\"wp-block-embed is-type-video is-provider-youtube wp-block-embed-youtube wp-embed-aspect-16-9 wp-has-aspect-ratio\"><div class=\"wp-block-embed__wrapper\">\n<iframe loading=\"lazy\" title=\"DIA 2 - Observaci\u00f3n del cuerpo (curso de meditaci\u00f3n vip\u00e1ssana de 10 d\u00edas)\" width=\"640\" height=\"360\" src=\"https:\/\/www.youtube.com\/embed\/K9KWaWM25wU?feature=oembed\" frameborder=\"0\" allow=\"accelerometer; autoplay; clipboard-write; encrypted-media; gyroscope; picture-in-picture; web-share\" referrerpolicy=\"strict-origin-when-cross-origin\" allowfullscreen><\/iframe>\n<\/div><\/figure>\n\n\n\n<figure class=\"wp-block-embed is-type-video is-provider-youtube wp-block-embed-youtube wp-embed-aspect-16-9 wp-has-aspect-ratio\"><div class=\"wp-block-embed__wrapper\">\n<iframe loading=\"lazy\" title=\"DIA 3 - Observar las sensaciones (curso de meditaci\u00f3n vip\u00e1ssana de 10 d\u00edas)\" width=\"640\" height=\"360\" src=\"https:\/\/www.youtube.com\/embed\/6TwKu7xFOjU?feature=oembed\" frameborder=\"0\" allow=\"accelerometer; autoplay; clipboard-write; encrypted-media; gyroscope; picture-in-picture; web-share\" referrerpolicy=\"strict-origin-when-cross-origin\" allowfullscreen><\/iframe>\n<\/div><\/figure>\n\n\n\n<figure class=\"wp-block-embed is-type-video is-provider-youtube wp-block-embed-youtube wp-embed-aspect-16-9 wp-has-aspect-ratio\"><div class=\"wp-block-embed__wrapper\">\n<iframe loading=\"lazy\" title=\"DIA 4 - Observar las emociones (curso de meditaci\u00f3n vip\u00e1ssana de 10 d\u00edas)\" width=\"640\" height=\"360\" src=\"https:\/\/www.youtube.com\/embed\/dNhqgUIm420?feature=oembed\" frameborder=\"0\" allow=\"accelerometer; autoplay; clipboard-write; encrypted-media; gyroscope; picture-in-picture; web-share\" referrerpolicy=\"strict-origin-when-cross-origin\" allowfullscreen><\/iframe>\n<\/div><\/figure>\n\n\n\n<figure class=\"wp-block-embed is-type-video is-provider-youtube wp-block-embed-youtube wp-embed-aspect-16-9 wp-has-aspect-ratio\"><div class=\"wp-block-embed__wrapper\">\n<iframe loading=\"lazy\" title=\"DIA 5 - Observar los pensamientos (curso de meditaci\u00f3n vip\u00e1ssana de 10 d\u00edas)\" width=\"640\" height=\"360\" src=\"https:\/\/www.youtube.com\/embed\/TRNJbrIFAws?feature=oembed\" frameborder=\"0\" allow=\"accelerometer; autoplay; clipboard-write; encrypted-media; gyroscope; picture-in-picture; web-share\" referrerpolicy=\"strict-origin-when-cross-origin\" allowfullscreen><\/iframe>\n<\/div><\/figure>\n\n\n\n<p><\/p>\n","protected":false},"excerpt":{"rendered":"<p>Entrevista a Chema Muela en Onda Arco Iris Entrevista a Chema Muela en YouTube<\/p>\n","protected":false},"author":1,"featured_media":114,"parent":0,"menu_order":0,"comment_status":"closed","ping_status":"closed","template":"","meta":{"footnotes":""},"class_list":["post-21","page","type-page","status-publish","has-post-thumbnail","hentry"],"_links":{"self":[{"href":"http:\/\/www.buhozen.org\/index.php?rest_route=\/wp\/v2\/pages\/21","targetHints":{"allow":["GET"]}}],"collection":[{"href":"http:\/\/www.buhozen.org\/index.php?rest_route=\/wp\/v2\/pages"}],"about":[{"href":"http:\/\/www.buhozen.org\/index.php?rest_route=\/wp\/v2\/types\/page"}],"author":[{"embeddable":true,"href":"http:\/\/www.buhozen.org\/index.php?rest_route=\/wp\/v2\/users\/1"}],"replies":[{"embeddable":true,"href":"http:\/\/www.buhozen.org\/index.php?rest_route=%2Fwp%2Fv2%2Fcomments&post=21"}],"version-history":[{"count":12,"href":"http:\/\/www.buhozen.org\/index.php?rest_route=\/wp\/v2\/pages\/21\/revisions"}],"predecessor-version":[{"id":900,"href":"http:\/\/www.buhozen.org\/index.php?rest_route=\/wp\/v2\/pages\/21\/revisions\/900"}],"wp:featuredmedia":[{"embeddable":true,"href":"http:\/\/www.buhozen.org\/index.php?rest_route=\/wp\/v2\/media\/114"}],"wp:attachment":[{"href":"http:\/\/www.buhozen.org\/index.php?rest_route=%2Fwp%2Fv2%2Fmedia&parent=21"}],"curies":[{"name":"wp","href":"https:\/\/api.w.org\/{rel}","templated":true}]}}