{"id":2,"date":"2014-04-02T11:43:45","date_gmt":"2014-04-02T11:43:45","guid":{"rendered":"http:\/\/elcajondesastre.com\/buhozen\/?page_id=2"},"modified":"2024-04-24T09:06:31","modified_gmt":"2024-04-24T09:06:31","slug":"quienes-somos","status":"publish","type":"page","link":"http:\/\/www.buhozen.org\/?page_id=2","title":{"rendered":"QUIENES SOMOS"},"content":{"rendered":"<p>Hace 25 a\u00f1os varias personas que particip\u00e1bamos en el movimiento gay madrile\u00f1o descubrimos que ten\u00edamos en com\u00fan el inter\u00e9s por la pr\u00e1ctica del yoga y de la meditaci\u00f3n como m\u00e9todo de hallar paz y equilibrio en esta sociedad acelerada y estresante. Tambi\u00e9n se interesaron personas heterosexuales, lo cual agradecimos mucho. \u00bfPor qu\u00e9 no reunirnos de vez en cuando para practicar juntos? nos dijimos.Surgi\u00f3 una propuesta de hacerlo mensualmente y as\u00ed naci\u00f3 BuHo, grupo de gais, lesbianas, bisexuales y heterosexuales budistas (y no budistas) interesados en el budismo, el yoga y la meditaci\u00f3n.<\/p>\n<p><strong>No hac\u00edamos sino crear en Espa\u00f1a un colectivo similar a los que ya exist\u00edan en EE.UU. y en alguna otra ciudad europea.<\/strong>Pronto vimos que entre nosotros (un grupo de doce o catorce personas) hab\u00eda diferentes tipos de creencias o in-creencias: ateos, agn\u00f3sticos, budistas, cristianos, etc., lo cual era un enriquecimiento muy interesante y novedoso, sin que nadie pretendiera llevar a nadie a su terreno particular. Una de las grandes aportaciones del budismo es su grandioso esp\u00edritu de tolerancia y su oposici\u00f3n a cualquier tipo de proselitismo.<\/p>\n<h2>Sobre BuHo<\/h2>\n<p><strong>Somos gays, lesbianas, bisexuales, heterosexuales\u2026 la etiqueta no importa. Nos une por encima de todo la pr\u00e1ctica.<\/strong> Concretamente la pr\u00e1ctica de la meditaci\u00f3n en silencio como m\u00e9todo para calmar la mente e intentar ver las cosas tal como son: impermanentes, carentes de una \u201cesencia\u201d fija e inmutable e insatisfactorias por naturaleza. Tambi\u00e9n practicamos yoga. Otro de los puntos fundamentales consiste en aprender a vivir el MOMENTO PRESENTE, para lo cual es necesario un entrenamiento (ya que no basta con querer hacerlo), pues la mente tiende a estar en el pasado o en el futuro la mayor parte del tiempo, mientras la vida real, el AQU\u00cd-AHORA se nos escapa de las manos como la fina arena de la playa. Si fu\u00e9ramos capaces de movernos por la vida siguiendo estas pautas eliminar\u00edamos mucho sufrimiento in\u00fatil y abandonar\u00edamos la ansiosa y frustrante b\u00fasqueda de la felicidad fuera de nosotros\/as. Una vez que se dispone de lo b\u00e1sico para vivir, \u00bfpor qu\u00e9 dejarse engullir por el voraz, irrefrenable torbellino consumista que tan vac\u00edos\/as nos deja?. \u00bfPor qu\u00e9 buscar desesperadamente la fama, el prestigio, el reconocimiento, el \u201c\u00e9xito\u201dsocial como medio de librarnos de la desdicha, cuando en el momento de la muerte tendremos que abandonarlo todo sin posibilidad de escapatoria?. \u00bfPor qu\u00e9 desear ser alguien distinto a quien \u201cya somos\u201d?.<\/p>\n<p>En cuanto a la pr\u00e1ctica del YOGA, se intenta que sea una prolongaci\u00f3n m\u00e1s del estado meditativo, acompa\u00f1ado en este caso por determinadas posturas corporales asequibles a cualquier persona, principiante o no, que nos reportar\u00e1n un gran beneficio en t\u00e9rminos de salud y bienestar.<\/p>\n<p>En los \u00faltimos a\u00f1os el grupo ha crecido bastante y m\u00e1s personas se han sumado al proyecto. A pesar de nuestra escasez de medios queremos que se nos conozca tanto en Madrid como en otras regiones. Nuestras actividades pueden ser muy \u00fatiles a cualquier persona que quiz\u00e1 no termine de encontrar su \u201clugar\u201d en esta sociedad desconcertante y competitiva o que simplemente busquen aprender herramientas para vivir con m\u00e1s paz interior e incorporar h\u00e1bitos saludables. Los motivos para emprender la pr\u00e1ctica del yoga y de la meditaci\u00f3n pueden ser muy variados y la persona interesada siempre tendr\u00e1 la \u00faltima palabra, pues no existen dogmas a los que uno\/a deba aferrarse ciegamente. Pretendemos aportar un granito de arena hacia un mundo sin discriminaciones de ning\u00fan tipo.<\/p>\n<p>BuHo es un grupo, por tanto, abierto a personas LGTB y HETEROSEXUALES, sean practicantes ya experimentados o que desean probar por primera vez los beneficios de la pr\u00e1ctica, que llevamos a cabo sin referencias religiosas ni rituales. Y, por supuesto, no hace falta ser budista ni adherirse a ning\u00fan ismo. \u00a0Cada vez son m\u00e1s las personas heteros que se acercan a nuestras clases y ello es un motivo de gran alegr\u00eda para romper as\u00ed barreras de discriminaci\u00f3n.<\/p>\n<h2>Sobre Chema<\/h2>\n<p><em><strong><img loading=\"lazy\" decoding=\"async\" class=\"alignnone\" src=\"http:\/\/elcajondesastre.com\/buhozen\/wp-content\/uploads\/2014\/04\/chema-muela.jpg\" alt=\"\" width=\"285\" height=\"285\" \/><\/strong><\/em><\/p>\n<p><em><strong>Hola, soy Chema Muela<\/strong><br \/>\nHace m\u00e1s de 25 a\u00f1os, se me ocurri\u00f3 poner en marcha este grupo y aqu\u00ed seguimos. <\/em><\/p>\n<p>Mi experiencia con la meditaci\u00f3n es la siguiente: comenz\u00e9 a practicar hace unos 32 a\u00f1os en las clases de Ramiro Calle. V\u00ed que eso era lo m\u00edo, buscaba felicidad y equilibrio y el yoga y la meditaci\u00f3n me lo proporcionaban. Luego quise profundizar y lo hice practicando e investigando el ZEN durante 10 a\u00f1os.<\/p>\n<p>Practiqu\u00e9 con la escuela de Taisen Deshimaru, con el maestro japon\u00e9s Hogen, Dokuso Villalba, Barbara Kosen, Stephane Thibaut, Thich Nhant Han, etc. Hasta que descubr\u00ed la MEDITACION VIPASSANA que practican los monjes de la Forest Sangha y del monasterio Ingl\u00e9s de Amaravati.<\/p>\n<p>Diez a\u00f1os llevo practicando meditaci\u00f3n vipassana unas 4 horas al d\u00eda y sobre todo aplicando la atenci\u00f3n a la vida cotidiana. Esta experiencia de 32 a\u00f1os de pr\u00e1ctica intento compartirla con cualquier persona interesada en vivir con atenci\u00f3n plena y en lograr felicidad y equilibrio en el d\u00eda a d\u00eda, sean cuales sean sus circunstancias vitales. Con la pr\u00e1ctica se descubre que no hay nada que alcanzar, ning\u00fan sitio al que ir, que la felicidad s\u00f3lo es posible encontrarla en el momento presente, en este preciso instante, prestando atenci\u00f3n a esta respiraci\u00f3n que est\u00e1 sucediendo ahora, a este paso&#8230;<\/p>\n","protected":false},"excerpt":{"rendered":"<p>Hace 25 a\u00f1os varias personas que particip\u00e1bamos en el movimiento gay madrile\u00f1o descubrimos que ten\u00edamos en com\u00fan el inter\u00e9s por la pr\u00e1ctica del yoga y<\/p>\n","protected":false},"author":1,"featured_media":0,"parent":0,"menu_order":0,"comment_status":"closed","ping_status":"closed","template":"","meta":{"footnotes":""},"class_list":["post-2","page","type-page","status-publish","hentry"],"_links":{"self":[{"href":"http:\/\/www.buhozen.org\/index.php?rest_route=\/wp\/v2\/pages\/2","targetHints":{"allow":["GET"]}}],"collection":[{"href":"http:\/\/www.buhozen.org\/index.php?rest_route=\/wp\/v2\/pages"}],"about":[{"href":"http:\/\/www.buhozen.org\/index.php?rest_route=\/wp\/v2\/types\/page"}],"author":[{"embeddable":true,"href":"http:\/\/www.buhozen.org\/index.php?rest_route=\/wp\/v2\/users\/1"}],"replies":[{"embeddable":true,"href":"http:\/\/www.buhozen.org\/index.php?rest_route=%2Fwp%2Fv2%2Fcomments&post=2"}],"version-history":[{"count":14,"href":"http:\/\/www.buhozen.org\/index.php?rest_route=\/wp\/v2\/pages\/2\/revisions"}],"predecessor-version":[{"id":774,"href":"http:\/\/www.buhozen.org\/index.php?rest_route=\/wp\/v2\/pages\/2\/revisions\/774"}],"wp:attachment":[{"href":"http:\/\/www.buhozen.org\/index.php?rest_route=%2Fwp%2Fv2%2Fmedia&parent=2"}],"curies":[{"name":"wp","href":"https:\/\/api.w.org\/{rel}","templated":true}]}}