{"id":138,"date":"2014-06-20T21:54:27","date_gmt":"2014-06-20T21:54:27","guid":{"rendered":"http:\/\/www.buhozen.org\/?page_id=138"},"modified":"2022-09-19T16:37:38","modified_gmt":"2022-09-19T16:37:38","slug":"bibliografia","status":"publish","type":"page","link":"http:\/\/www.buhozen.org\/?page_id=138","title":{"rendered":"BIBLIOGRAFIA"},"content":{"rendered":"<p>-El libro del mindfulness. Autor: Bhante Gunaratana. Editorial Kair\u00f3s.<\/p>\n<p>-Vip\u00e1ssana. Autores: Joseph Goldstein y Jack Kornfield. Editorial Kair\u00f3s.<\/p>\n","protected":false},"excerpt":{"rendered":"<p>-El libro del mindfulness. Autor: Bhante Gunaratana. Editorial Kair\u00f3s. -Vip\u00e1ssana. Autores: Joseph Goldstein y Jack Kornfield. Editorial Kair\u00f3s.<\/p>\n","protected":false},"author":1,"featured_media":0,"parent":0,"menu_order":0,"comment_status":"closed","ping_status":"open","template":"","meta":{"footnotes":""},"class_list":["post-138","page","type-page","status-publish","hentry"],"_links":{"self":[{"href":"http:\/\/www.buhozen.org\/index.php?rest_route=\/wp\/v2\/pages\/138","targetHints":{"allow":["GET"]}}],"collection":[{"href":"http:\/\/www.buhozen.org\/index.php?rest_route=\/wp\/v2\/pages"}],"about":[{"href":"http:\/\/www.buhozen.org\/index.php?rest_route=\/wp\/v2\/types\/page"}],"author":[{"embeddable":true,"href":"http:\/\/www.buhozen.org\/index.php?rest_route=\/wp\/v2\/users\/1"}],"replies":[{"embeddable":true,"href":"http:\/\/www.buhozen.org\/index.php?rest_route=%2Fwp%2Fv2%2Fcomments&post=138"}],"version-history":[{"count":7,"href":"http:\/\/www.buhozen.org\/index.php?rest_route=\/wp\/v2\/pages\/138\/revisions"}],"predecessor-version":[{"id":592,"href":"http:\/\/www.buhozen.org\/index.php?rest_route=\/wp\/v2\/pages\/138\/revisions\/592"}],"wp:attachment":[{"href":"http:\/\/www.buhozen.org\/index.php?rest_route=%2Fwp%2Fv2%2Fmedia&parent=138"}],"curies":[{"name":"wp","href":"https:\/\/api.w.org\/{rel}","templated":true}]}}